{"id":11,"date":"2025-06-26T13:59:33","date_gmt":"2025-06-26T13:59:33","guid":{"rendered":"http:\/\/ecograde.fr\/?page_id=11"},"modified":"2026-02-06T12:49:29","modified_gmt":"2026-02-06T12:49:29","slug":"accueil","status":"publish","type":"page","link":"https:\/\/ecograde.fr\/","title":{"rendered":"accueil"},"content":{"rendered":"\t\t<div data-elementor-type=\"wp-page\" data-elementor-id=\"11\" class=\"elementor elementor-11\">\n\t\t\t\t<div class=\"elementor-element elementor-element-413f1dd e-flex e-con-boxed e-con e-parent\" data-id=\"413f1dd\" data-element_type=\"container\" data-e-type=\"container\">\n\t\t\t\t\t<div class=\"e-con-inner\">\n\t\t\t\t<div class=\"elementor-element elementor-element-b53fa56 elementor-widget elementor-widget-spacer\" data-id=\"b53fa56\" data-element_type=\"widget\" data-e-type=\"widget\" data-widget_type=\"spacer.default\">\n\t\t\t\t<div class=\"elementor-widget-container\">\n\t\t\t\t\t\t\t<div class=\"elementor-spacer\">\n\t\t\t<div class=\"elementor-spacer-inner\"><\/div>\n\t\t<\/div>\n\t\t\t\t\t\t<\/div>\n\t\t\t\t<\/div>\n\t\t\t\t\t<\/div>\n\t\t\t\t<\/div>\n\t\t<div class=\"elementor-element elementor-element-559c541 e-con-full e-flex e-con e-parent\" data-id=\"559c541\" data-element_type=\"container\" data-e-type=\"container\">\n\t\t\t\t<div class=\"elementor-element elementor-element-9fa8cab elementor-widget elementor-widget-spacer\" data-id=\"9fa8cab\" data-element_type=\"widget\" data-e-type=\"widget\" data-widget_type=\"spacer.default\">\n\t\t\t\t<div class=\"elementor-widget-container\">\n\t\t\t\t\t\t\t<div class=\"elementor-spacer\">\n\t\t\t<div class=\"elementor-spacer-inner\"><\/div>\n\t\t<\/div>\n\t\t\t\t\t\t<\/div>\n\t\t\t\t<\/div>\n\t\t\t\t<div class=\"elementor-element elementor-element-19bddfa elementor-widget elementor-widget-text-editor\" data-id=\"19bddfa\" data-element_type=\"widget\" data-e-type=\"widget\" data-widget_type=\"text-editor.default\">\n\t\t\t\t<div class=\"elementor-widget-container\">\n\t\t\t\t\t\t\t\t\t<p style=\"text-align: center;\"><span style=\"color: #000000; font-size: 17px;\"><strong>NOS DIAGNOSTICS<\/strong><\/span><\/p><ul><li>Diagnostic de Performance \u00c9nerg\u00e9tique (DPE)<\/li><li>Diagnostic Amiante (particuliers \u2013 copropri\u00e9t\u00e9s \u2013 petits b\u00e2timents)<\/li><li>Diagnostic Amiante (grosses structures \u2013 b\u00e2timents industriels)<\/li><li>Diagnostic Plomb CREP (constat de risque d\u2019exposition au plomb pour particuliers \u2013 copropri\u00e9t\u00e9s- petits b\u00e2timents)<\/li><li>Diagnostic Termites<\/li><li>Diagnostic Gaz<\/li><li>Diagnostic Electricit\u00e9<\/li><li>Etat des Risques &amp; Pollutions (ERP)<\/li><li>Mesurage loi Carrez<\/li><li>Mesurage loi Boutin<\/li><li>Plan Pluriannuel de Travaux (PPT)<\/li><\/ul>\t\t\t\t\t\t\t\t<\/div>\n\t\t\t\t<\/div>\n\t\t\t\t<\/div>\n\t\t<div class=\"elementor-element elementor-element-9ca55ee e-flex e-con-boxed e-con e-parent\" data-id=\"9ca55ee\" data-element_type=\"container\" data-e-type=\"container\">\n\t\t\t\t\t<div class=\"e-con-inner\">\n\t\t\t\t<div class=\"elementor-element elementor-element-e4d60c4 elementor-widget elementor-widget-spacer\" data-id=\"e4d60c4\" data-element_type=\"widget\" data-e-type=\"widget\" data-widget_type=\"spacer.default\">\n\t\t\t\t<div class=\"elementor-widget-container\">\n\t\t\t\t\t\t\t<div class=\"elementor-spacer\">\n\t\t\t<div class=\"elementor-spacer-inner\"><\/div>\n\t\t<\/div>\n\t\t\t\t\t\t<\/div>\n\t\t\t\t<\/div>\n\t\t\t\t\t<\/div>\n\t\t\t\t<\/div>\n\t\t<div class=\"elementor-element elementor-element-1b7a85a e-flex e-con-boxed e-con e-parent\" data-id=\"1b7a85a\" data-element_type=\"container\" data-e-type=\"container\">\n\t\t\t\t\t<div class=\"e-con-inner\">\n\t\t\t\t<div class=\"elementor-element elementor-element-33a72d7 devisdiag elementor-invisible elementor-widget elementor-widget-button\" data-id=\"33a72d7\" data-element_type=\"widget\" data-e-type=\"widget\" data-settings=\"{&quot;_animation&quot;:&quot;fadeInDown&quot;}\" data-widget_type=\"button.default\">\n\t\t\t\t<div class=\"elementor-widget-container\">\n\t\t\t\t\t\t\t\t\t<div class=\"elementor-button-wrapper\">\n\t\t\t\t\t<a class=\"elementor-button elementor-button-link elementor-size-sm\" href=\"#\">\n\t\t\t\t\t\t<span class=\"elementor-button-content-wrapper\">\n\t\t\t\t\t\t\t\t\t<span class=\"elementor-button-text\">Devis diagnostic immobilier<\/span>\n\t\t\t\t\t<\/span>\n\t\t\t\t\t<\/a>\n\t\t\t\t<\/div>\n\t\t\t\t\t\t\t\t<\/div>\n\t\t\t\t<\/div>\n\t\t\t\t\t<\/div>\n\t\t\t\t<\/div>\n\t\t<div class=\"elementor-element elementor-element-58bad2b e-flex e-con-boxed e-con e-parent\" data-id=\"58bad2b\" data-element_type=\"container\" data-e-type=\"container\">\n\t\t\t\t\t<div class=\"e-con-inner\">\n\t\t\t\t<div class=\"elementor-element elementor-element-99e31f0 elementor-widget elementor-widget-spacer\" data-id=\"99e31f0\" data-element_type=\"widget\" data-e-type=\"widget\" data-widget_type=\"spacer.default\">\n\t\t\t\t<div class=\"elementor-widget-container\">\n\t\t\t\t\t\t\t<div class=\"elementor-spacer\">\n\t\t\t<div class=\"elementor-spacer-inner\"><\/div>\n\t\t<\/div>\n\t\t\t\t\t\t<\/div>\n\t\t\t\t<\/div>\n\t\t\t\t\t<\/div>\n\t\t\t\t<\/div>\n\t\t<div class=\"elementor-element elementor-element-210ff75 e-flex e-con-boxed e-con e-parent\" data-id=\"210ff75\" data-element_type=\"container\" data-e-type=\"container\">\n\t\t\t\t\t<div class=\"e-con-inner\">\n\t\t\t\t<div class=\"elementor-element elementor-element-e62614c elementor-widget elementor-widget-spacer\" data-id=\"e62614c\" data-element_type=\"widget\" data-e-type=\"widget\" data-widget_type=\"spacer.default\">\n\t\t\t\t<div class=\"elementor-widget-container\">\n\t\t\t\t\t\t\t<div class=\"elementor-spacer\">\n\t\t\t<div class=\"elementor-spacer-inner\"><\/div>\n\t\t<\/div>\n\t\t\t\t\t\t<\/div>\n\t\t\t\t<\/div>\n\t\t\t\t\t<\/div>\n\t\t\t\t<\/div>\n\t\t<div class=\"elementor-element elementor-element-ec0622f e-flex e-con-boxed e-con e-parent\" data-id=\"ec0622f\" data-element_type=\"container\" data-e-type=\"container\">\n\t\t\t\t\t<div class=\"e-con-inner\">\n\t\t\t\t\t<\/div>\n\t\t\t\t<\/div>\n\t\t\t\t<\/div>\n\t\t","protected":false},"excerpt":{"rendered":"<p>NOS DIAGNOSTICS Diagnostic de Performance \u00c9nerg\u00e9tique (DPE) Diagnostic Amiante (particuliers \u2013 copropri\u00e9t\u00e9s \u2013 petits b\u00e2timents) Diagnostic Amiante (grosses structures \u2013 [&hellip;]<\/p>\n","protected":false},"author":1,"featured_media":0,"parent":0,"menu_order":0,"comment_status":"closed","ping_status":"closed","template":"","meta":{"site-sidebar-layout":"default","site-content-layout":"","ast-site-content-layout":"default","site-content-style":"default","site-sidebar-style":"default","ast-global-header-display":"","ast-banner-title-visibility":"","ast-main-header-display":"","ast-hfb-above-header-display":"","ast-hfb-below-header-display":"","ast-hfb-mobile-header-display":"","site-post-title":"disabled","ast-breadcrumbs-content":"","ast-featured-img":"","footer-sml-layout":"","theme-transparent-header-meta":"","adv-header-id-meta":"","stick-header-meta":"","header-above-stick-meta":"","header-main-stick-meta":"","header-below-stick-meta":"","astra-migrate-meta-layouts":"default","ast-page-background-enabled":"default","ast-page-background-meta":{"desktop":{"background-color":"var(--ast-global-color-5)","background-image":"","background-repeat":"repeat","background-position":"center center","background-size":"auto","background-attachment":"scroll","background-type":"","background-media":"","overlay-type":"","overlay-color":"","overlay-opacity":"","overlay-gradient":""},"tablet":{"background-color":"","background-image":"","background-repeat":"repeat","background-position":"center center","background-size":"auto","background-attachment":"scroll","background-type":"","background-media":"","overlay-type":"","overlay-color":"","overlay-opacity":"","overlay-gradient":""},"mobile":{"background-color":"","background-image":"","background-repeat":"repeat","background-position":"center center","background-size":"auto","background-attachment":"scroll","background-type":"","background-media":"","overlay-type":"","overlay-color":"","overlay-opacity":"","overlay-gradient":""}},"ast-content-background-meta":{"desktop":{"background-color":"var(--ast-global-color-4)","background-image":"","background-repeat":"repeat","background-position":"center center","background-size":"auto","background-attachment":"scroll","background-type":"","background-media":"","overlay-type":"","overlay-color":"","overlay-opacity":"","overlay-gradient":""},"tablet":{"background-color":"var(--ast-global-color-4)","background-image":"","background-repeat":"repeat","background-position":"center center","background-size":"auto","background-attachment":"scroll","background-type":"","background-media":"","overlay-type":"","overlay-color":"","overlay-opacity":"","overlay-gradient":""},"mobile":{"background-color":"var(--ast-global-color-4)","background-image":"","background-repeat":"repeat","background-position":"center center","background-size":"auto","background-attachment":"scroll","background-type":"","background-media":"","overlay-type":"","overlay-color":"","overlay-opacity":"","overlay-gradient":""}},"footnotes":""},"class_list":["post-11","page","type-page","status-publish","hentry"],"yoast_head":"<!-- This site is optimized with the Yoast SEO plugin v27.4 - https:\/\/yoast.com\/product\/yoast-seo-wordpress\/ -->\n<title>accueil -<\/title>\n<meta name=\"robots\" content=\"index, follow, max-snippet:-1, max-image-preview:large, max-video-preview:-1\" \/>\n<link rel=\"canonical\" href=\"https:\/\/ecograde.fr\/\" \/>\n<meta property=\"og:locale\" content=\"fr_FR\" \/>\n<meta property=\"og:type\" content=\"article\" \/>\n<meta property=\"og:title\" content=\"accueil -\" \/>\n<meta property=\"og:description\" content=\"NOS DIAGNOSTICS Diagnostic de Performance \u00c9nerg\u00e9tique (DPE) Diagnostic Amiante (particuliers \u2013 copropri\u00e9t\u00e9s \u2013 petits b\u00e2timents) Diagnostic Amiante (grosses structures \u2013 [&hellip;]\" \/>\n<meta property=\"og:url\" content=\"https:\/\/ecograde.fr\/\" \/>\n<meta property=\"article:modified_time\" content=\"2026-02-06T12:49:29+00:00\" \/>\n<meta name=\"twitter:card\" content=\"summary_large_image\" \/>\n<meta name=\"twitter:label1\" content=\"Dur\u00e9e de lecture estim\u00e9e\" \/>\n\t<meta name=\"twitter:data1\" content=\"1 minute\" \/>\n<script type=\"application\/ld+json\" class=\"yoast-schema-graph\">{\"@context\":\"https:\\\/\\\/schema.org\",\"@graph\":[{\"@type\":\"WebPage\",\"@id\":\"https:\\\/\\\/ecograde.fr\\\/\",\"url\":\"https:\\\/\\\/ecograde.fr\\\/\",\"name\":\"accueil -\",\"isPartOf\":{\"@id\":\"https:\\\/\\\/ecograde.fr\\\/#website\"},\"datePublished\":\"2025-06-26T13:59:33+00:00\",\"dateModified\":\"2026-02-06T12:49:29+00:00\",\"breadcrumb\":{\"@id\":\"https:\\\/\\\/ecograde.fr\\\/#breadcrumb\"},\"inLanguage\":\"fr-FR\",\"potentialAction\":[{\"@type\":\"ReadAction\",\"target\":[\"https:\\\/\\\/ecograde.fr\\\/\"]}]},{\"@type\":\"BreadcrumbList\",\"@id\":\"https:\\\/\\\/ecograde.fr\\\/#breadcrumb\",\"itemListElement\":[{\"@type\":\"ListItem\",\"position\":1,\"name\":\"Accueil\",\"item\":\"https:\\\/\\\/ecograde.fr\\\/\"},{\"@type\":\"ListItem\",\"position\":2,\"name\":\"accueil\"}]},{\"@type\":\"WebSite\",\"@id\":\"https:\\\/\\\/ecograde.fr\\\/#website\",\"url\":\"https:\\\/\\\/ecograde.fr\\\/\",\"name\":\"ecograde\",\"description\":\"\",\"publisher\":{\"@id\":\"https:\\\/\\\/ecograde.fr\\\/#organization\"},\"potentialAction\":[{\"@type\":\"SearchAction\",\"target\":{\"@type\":\"EntryPoint\",\"urlTemplate\":\"https:\\\/\\\/ecograde.fr\\\/?s={search_term_string}\"},\"query-input\":{\"@type\":\"PropertyValueSpecification\",\"valueRequired\":true,\"valueName\":\"search_term_string\"}}],\"inLanguage\":\"fr-FR\"},{\"@type\":\"Organization\",\"@id\":\"https:\\\/\\\/ecograde.fr\\\/#organization\",\"name\":\"ecograde diagnostics immobiliers et audits \u00e9nerg\u00e9tiques\",\"url\":\"https:\\\/\\\/ecograde.fr\\\/\",\"logo\":{\"@type\":\"ImageObject\",\"inLanguage\":\"fr-FR\",\"@id\":\"https:\\\/\\\/ecograde.fr\\\/#\\\/schema\\\/logo\\\/image\\\/\",\"url\":\"https:\\\/\\\/ecograde.fr\\\/wp-content\\\/uploads\\\/2025\\\/08\\\/cropped-cropped-e-c-o-g-r-a-d-e-_-o-r-1-scaled-1.png\",\"contentUrl\":\"https:\\\/\\\/ecograde.fr\\\/wp-content\\\/uploads\\\/2025\\\/08\\\/cropped-cropped-e-c-o-g-r-a-d-e-_-o-r-1-scaled-1.png\",\"width\":2560,\"height\":363,\"caption\":\"ecograde diagnostics immobiliers et audits \u00e9nerg\u00e9tiques\"},\"image\":{\"@id\":\"https:\\\/\\\/ecograde.fr\\\/#\\\/schema\\\/logo\\\/image\\\/\"}}]}<\/script>\n<!-- \/ Yoast SEO plugin. -->","yoast_head_json":{"title":"accueil -","robots":{"index":"index","follow":"follow","max-snippet":"max-snippet:-1","max-image-preview":"max-image-preview:large","max-video-preview":"max-video-preview:-1"},"canonical":"https:\/\/ecograde.fr\/","og_locale":"fr_FR","og_type":"article","og_title":"accueil -","og_description":"NOS DIAGNOSTICS Diagnostic de Performance \u00c9nerg\u00e9tique (DPE) Diagnostic Amiante (particuliers \u2013 copropri\u00e9t\u00e9s \u2013 petits b\u00e2timents) Diagnostic Amiante (grosses structures \u2013 [&hellip;]","og_url":"https:\/\/ecograde.fr\/","article_modified_time":"2026-02-06T12:49:29+00:00","twitter_card":"summary_large_image","twitter_misc":{"Dur\u00e9e de lecture estim\u00e9e":"1 minute"},"schema":{"@context":"https:\/\/schema.org","@graph":[{"@type":"WebPage","@id":"https:\/\/ecograde.fr\/","url":"https:\/\/ecograde.fr\/","name":"accueil -","isPartOf":{"@id":"https:\/\/ecograde.fr\/#website"},"datePublished":"2025-06-26T13:59:33+00:00","dateModified":"2026-02-06T12:49:29+00:00","breadcrumb":{"@id":"https:\/\/ecograde.fr\/#breadcrumb"},"inLanguage":"fr-FR","potentialAction":[{"@type":"ReadAction","target":["https:\/\/ecograde.fr\/"]}]},{"@type":"BreadcrumbList","@id":"https:\/\/ecograde.fr\/#breadcrumb","itemListElement":[{"@type":"ListItem","position":1,"name":"Accueil","item":"https:\/\/ecograde.fr\/"},{"@type":"ListItem","position":2,"name":"accueil"}]},{"@type":"WebSite","@id":"https:\/\/ecograde.fr\/#website","url":"https:\/\/ecograde.fr\/","name":"ecograde","description":"","publisher":{"@id":"https:\/\/ecograde.fr\/#organization"},"potentialAction":[{"@type":"SearchAction","target":{"@type":"EntryPoint","urlTemplate":"https:\/\/ecograde.fr\/?s={search_term_string}"},"query-input":{"@type":"PropertyValueSpecification","valueRequired":true,"valueName":"search_term_string"}}],"inLanguage":"fr-FR"},{"@type":"Organization","@id":"https:\/\/ecograde.fr\/#organization","name":"ecograde diagnostics immobiliers et audits \u00e9nerg\u00e9tiques","url":"https:\/\/ecograde.fr\/","logo":{"@type":"ImageObject","inLanguage":"fr-FR","@id":"https:\/\/ecograde.fr\/#\/schema\/logo\/image\/","url":"https:\/\/ecograde.fr\/wp-content\/uploads\/2025\/08\/cropped-cropped-e-c-o-g-r-a-d-e-_-o-r-1-scaled-1.png","contentUrl":"https:\/\/ecograde.fr\/wp-content\/uploads\/2025\/08\/cropped-cropped-e-c-o-g-r-a-d-e-_-o-r-1-scaled-1.png","width":2560,"height":363,"caption":"ecograde diagnostics immobiliers et audits \u00e9nerg\u00e9tiques"},"image":{"@id":"https:\/\/ecograde.fr\/#\/schema\/logo\/image\/"}}]}},"_links":{"self":[{"href":"https:\/\/ecograde.fr\/index.php\/wp-json\/wp\/v2\/pages\/11","targetHints":{"allow":["GET"]}}],"collection":[{"href":"https:\/\/ecograde.fr\/index.php\/wp-json\/wp\/v2\/pages"}],"about":[{"href":"https:\/\/ecograde.fr\/index.php\/wp-json\/wp\/v2\/types\/page"}],"author":[{"embeddable":true,"href":"https:\/\/ecograde.fr\/index.php\/wp-json\/wp\/v2\/users\/1"}],"replies":[{"embeddable":true,"href":"https:\/\/ecograde.fr\/index.php\/wp-json\/wp\/v2\/comments?post=11"}],"version-history":[{"count":233,"href":"https:\/\/ecograde.fr\/index.php\/wp-json\/wp\/v2\/pages\/11\/revisions"}],"predecessor-version":[{"id":905,"href":"https:\/\/ecograde.fr\/index.php\/wp-json\/wp\/v2\/pages\/11\/revisions\/905"}],"wp:attachment":[{"href":"https:\/\/ecograde.fr\/index.php\/wp-json\/wp\/v2\/media?parent=11"}],"curies":[{"name":"wp","href":"https:\/\/api.w.org\/{rel}","templated":true}]}}