{"id":72,"date":"2025-06-27T10:46:01","date_gmt":"2025-06-27T10:46:01","guid":{"rendered":"http:\/\/ecograde.fr\/?page_id=72"},"modified":"2025-07-17T16:30:39","modified_gmt":"2025-07-17T16:30:39","slug":"devis","status":"publish","type":"page","link":"https:\/\/ecograde.fr\/index.php\/devis\/","title":{"rendered":"devis"},"content":{"rendered":"\t\t<div data-elementor-type=\"wp-page\" data-elementor-id=\"72\" class=\"elementor elementor-72\">\n\t\t\t\t<div class=\"elementor-element elementor-element-1772c663 e-flex e-con-boxed e-con e-parent\" data-id=\"1772c663\" data-element_type=\"container\" data-e-type=\"container\">\n\t\t\t\t\t<div class=\"e-con-inner\">\n\t\t\t\t<div class=\"elementor-element elementor-element-1043a69 elementor-widget elementor-widget-heading\" data-id=\"1043a69\" data-element_type=\"widget\" data-e-type=\"widget\" data-widget_type=\"heading.default\">\n\t\t\t\t<div class=\"elementor-widget-container\">\n\t\t\t\t\t<h2 class=\"elementor-heading-title elementor-size-default\">devis<\/h2>\t\t\t\t<\/div>\n\t\t\t\t<\/div>\n\t\t\t\t\t<\/div>\n\t\t\t\t<\/div>\n\t\t<div class=\"elementor-element elementor-element-6b484c98 e-flex e-con-boxed e-con e-parent\" data-id=\"6b484c98\" data-element_type=\"container\" data-e-type=\"container\">\n\t\t\t\t\t<div class=\"e-con-inner\">\n\t\t<div class=\"elementor-element elementor-element-1508c99 e-con-full e-flex e-con e-child\" data-id=\"1508c99\" data-element_type=\"container\" data-e-type=\"container\">\n\t\t\t\t<div class=\"elementor-element elementor-element-66f885e0 elementor-widget elementor-widget-image\" data-id=\"66f885e0\" data-element_type=\"widget\" data-e-type=\"widget\" data-widget_type=\"image.default\">\n\t\t\t\t<div class=\"elementor-widget-container\">\n\t\t\t\t\t\t\t\t\t\t\t\t\t\t\t<img fetchpriority=\"high\" decoding=\"async\" width=\"819\" height=\"1024\" src=\"http:\/\/ecograde.fr\/wp-content\/uploads\/2025\/06\/building-6011756_1280-819x1024.jpg\" class=\"attachment-large size-large wp-image-219\" alt=\"\" srcset=\"http:\/\/ecograde.fr\/wp-content\/uploads\/2025\/06\/building-6011756_1280-819x1024.jpg 819w, http:\/\/ecograde.fr\/wp-content\/uploads\/2025\/06\/building-6011756_1280-240x300.jpg 240w, http:\/\/ecograde.fr\/wp-content\/uploads\/2025\/06\/building-6011756_1280-768x960.jpg 768w, http:\/\/ecograde.fr\/wp-content\/uploads\/2025\/06\/building-6011756_1280.jpg 1024w\" sizes=\"(max-width: 819px) 100vw, 819px\" \/>\t\t\t\t\t\t\t\t\t\t\t\t\t\t\t<\/div>\n\t\t\t\t<\/div>\n\t\t\t\t<\/div>\n\t\t<div class=\"elementor-element elementor-element-186bc738 e-con-full e-flex e-con e-child\" data-id=\"186bc738\" data-element_type=\"container\" data-e-type=\"container\">\n\t\t\t\t<div class=\"elementor-element elementor-element-2918c997 elementor-widget elementor-widget-text-editor\" data-id=\"2918c997\" data-element_type=\"widget\" data-e-type=\"widget\" data-widget_type=\"text-editor.default\">\n\t\t\t\t<div class=\"elementor-widget-container\">\n\t\t\t\t\t\t\t\t\t<h3><strong><span style=\"font-size: 17px;\">DEVIS POUR UN DIAGNOSTIC IMMOBILIER<\/span><\/strong><\/h3><p>Si vous souhaitez vendre, louer, faire des travaux vous devez r\u00e9aliser certains diagnostics obligatoires regroup\u00e9s sous le dossier diagnostic technique (DDT).<\/p><p><b>\u00a0<\/b><\/p><p><u>Types de devis :<\/u><\/p><ul><li>devis pour un diagnostic en particulier<\/li><li>devis de diagnostics complet dans le cadre d&rsquo;une vente<\/li><li>devis de diagnostics complet dans le cadre d&rsquo;une location<\/li><li>devis de diagnostics dans le cadre de travaux<\/li><li>devis de diagnostics pour les copropri\u00e9t\u00e9s ou immeubles\u00a0<\/li><li>autres devis\u00a0<\/li><\/ul><p><span style=\"color: #000000;\"><strong>Nous vous proposons un devis sur-mesure en fonction de votre situation, sans engagement.<\/strong><\/span><\/p><p><span style=\"color: #000000;\"><strong>\u00a0<\/strong><\/span><\/p>\t\t\t\t\t\t\t\t<\/div>\n\t\t\t\t<\/div>\n\t\t\t\t<div class=\"elementor-element elementor-element-7eb425b elementor-align-center elementor-widget__width-initial devisdiag elementor-invisible elementor-widget elementor-widget-button\" data-id=\"7eb425b\" data-element_type=\"widget\" data-e-type=\"widget\" data-settings=\"{&quot;_animation&quot;:&quot;fadeInDown&quot;}\" data-widget_type=\"button.default\">\n\t\t\t\t<div class=\"elementor-widget-container\">\n\t\t\t\t\t\t\t\t\t<div class=\"elementor-button-wrapper\">\n\t\t\t\t\t<a class=\"elementor-button elementor-button-link elementor-size-sm\" href=\"#\">\n\t\t\t\t\t\t<span class=\"elementor-button-content-wrapper\">\n\t\t\t\t\t\t\t\t\t<span class=\"elementor-button-text\">Devis diagnostic immobilier<\/span>\n\t\t\t\t\t<\/span>\n\t\t\t\t\t<\/a>\n\t\t\t\t<\/div>\n\t\t\t\t\t\t\t\t<\/div>\n\t\t\t\t<\/div>\n\t\t\t\t<\/div>\n\t\t\t\t\t<\/div>\n\t\t\t\t<\/div>\n\t\t<div class=\"elementor-element elementor-element-68982fb4 e-flex e-con-boxed e-con e-parent\" data-id=\"68982fb4\" data-element_type=\"container\" data-e-type=\"container\">\n\t\t\t\t\t<div class=\"e-con-inner\">\n\t\t\t\t<div class=\"elementor-element elementor-element-677a4b15 elementor-widget elementor-widget-spacer\" data-id=\"677a4b15\" data-element_type=\"widget\" data-e-type=\"widget\" data-widget_type=\"spacer.default\">\n\t\t\t\t<div class=\"elementor-widget-container\">\n\t\t\t\t\t\t\t<div class=\"elementor-spacer\">\n\t\t\t<div class=\"elementor-spacer-inner\"><\/div>\n\t\t<\/div>\n\t\t\t\t\t\t<\/div>\n\t\t\t\t<\/div>\n\t\t\t\t\t<\/div>\n\t\t\t\t<\/div>\n\t\t<div class=\"elementor-element elementor-element-1876011a e-flex e-con-boxed e-con e-parent\" data-id=\"1876011a\" data-element_type=\"container\" data-e-type=\"container\">\n\t\t\t\t\t<div class=\"e-con-inner\">\n\t\t<div class=\"elementor-element elementor-element-17ad3f7c e-con-full e-flex e-con e-child\" data-id=\"17ad3f7c\" data-element_type=\"container\" data-e-type=\"container\">\n\t\t\t\t<div class=\"elementor-element elementor-element-791e2980 elementor-widget elementor-widget-text-editor\" data-id=\"791e2980\" data-element_type=\"widget\" data-e-type=\"widget\" data-widget_type=\"text-editor.default\">\n\t\t\t\t<div class=\"elementor-widget-container\">\n\t\t\t\t\t\t\t\t\t<p><span style=\"color: #000000; font-size: 17px;\"><strong>DEVIS POUR UN AUDIT ENERGETIQUE<\/strong><\/span><\/p><p>Avant de vous lancer dans une r\u00e9novation, il est important de conna\u00eetre la performance \u00e9nerg\u00e9tique de votre logement, afin de r\u00e9aliser les bons travaux. L\u2019audit peut \u00eatre obligatoire dans certaines situations<\/p><p>\u00a0<\/p><p><u>Types de devis :<\/u><\/p><ul><li>devis pour un audit dans le cadre de travaux<\/li><li>devis pour un audit \u00e0 l&rsquo;obtention de Ma Prime Renov<\/li><li>devis pour un audit de copropri\u00e9t\u00e9<\/li><li>autres devis\u00a0<\/li><\/ul><p><span style=\"color: #000000;\"><strong>Nous vous proposons un devis sur-mesure en fonction de votre situation, sans engagement.<\/strong><\/span><\/p><p><span style=\"color: #000000;\"><strong>\u00a0<\/strong><\/span><\/p>\t\t\t\t\t\t\t\t<\/div>\n\t\t\t\t<\/div>\n\t\t\t\t<div class=\"elementor-element elementor-element-b3fbbc2 elementor-align-center elementor-widget__width-initial devisauditener elementor-invisible elementor-widget elementor-widget-button\" data-id=\"b3fbbc2\" data-element_type=\"widget\" data-e-type=\"widget\" data-settings=\"{&quot;_animation&quot;:&quot;fadeInDown&quot;}\" data-widget_type=\"button.default\">\n\t\t\t\t<div class=\"elementor-widget-container\">\n\t\t\t\t\t\t\t\t\t<div class=\"elementor-button-wrapper\">\n\t\t\t\t\t<a class=\"elementor-button elementor-button-link elementor-size-sm\" href=\"#\">\n\t\t\t\t\t\t<span class=\"elementor-button-content-wrapper\">\n\t\t\t\t\t\t\t\t\t<span class=\"elementor-button-text\">Devis audit \u00e9nerg\u00e9tique<\/span>\n\t\t\t\t\t<\/span>\n\t\t\t\t\t<\/a>\n\t\t\t\t<\/div>\n\t\t\t\t\t\t\t\t<\/div>\n\t\t\t\t<\/div>\n\t\t\t\t<\/div>\n\t\t\t\t<div class=\"elementor-element elementor-element-7e2de7aa elementor-widget elementor-widget-image\" data-id=\"7e2de7aa\" data-element_type=\"widget\" data-e-type=\"widget\" data-widget_type=\"image.default\">\n\t\t\t\t<div class=\"elementor-widget-container\">\n\t\t\t\t\t\t\t\t\t\t\t\t\t\t\t<img decoding=\"async\" width=\"1024\" height=\"768\" src=\"http:\/\/ecograde.fr\/wp-content\/uploads\/2025\/06\/ai-generated-8252586_1280-1024x768.jpg\" class=\"attachment-large size-large wp-image-104\" alt=\"\" srcset=\"http:\/\/ecograde.fr\/wp-content\/uploads\/2025\/06\/ai-generated-8252586_1280-1024x768.jpg 1024w, http:\/\/ecograde.fr\/wp-content\/uploads\/2025\/06\/ai-generated-8252586_1280-300x225.jpg 300w, http:\/\/ecograde.fr\/wp-content\/uploads\/2025\/06\/ai-generated-8252586_1280-768x576.jpg 768w, http:\/\/ecograde.fr\/wp-content\/uploads\/2025\/06\/ai-generated-8252586_1280.jpg 1280w\" sizes=\"(max-width: 1024px) 100vw, 1024px\" \/>\t\t\t\t\t\t\t\t\t\t\t\t\t\t\t<\/div>\n\t\t\t\t<\/div>\n\t\t\t\t\t<\/div>\n\t\t\t\t<\/div>\n\t\t<div class=\"elementor-element elementor-element-3b1d6d04 e-flex e-con-boxed e-con e-parent\" data-id=\"3b1d6d04\" data-element_type=\"container\" data-e-type=\"container\">\n\t\t\t\t\t<div class=\"e-con-inner\">\n\t\t\t\t<div class=\"elementor-element elementor-element-44b7ef6 elementor-widget elementor-widget-spacer\" data-id=\"44b7ef6\" data-element_type=\"widget\" data-e-type=\"widget\" data-widget_type=\"spacer.default\">\n\t\t\t\t<div class=\"elementor-widget-container\">\n\t\t\t\t\t\t\t<div class=\"elementor-spacer\">\n\t\t\t<div class=\"elementor-spacer-inner\"><\/div>\n\t\t<\/div>\n\t\t\t\t\t\t<\/div>\n\t\t\t\t<\/div>\n\t\t\t\t\t<\/div>\n\t\t\t\t<\/div>\n\t\t<div class=\"elementor-element elementor-element-27c21e57 e-flex e-con-boxed e-con e-parent\" data-id=\"27c21e57\" data-element_type=\"container\" data-e-type=\"container\">\n\t\t\t\t\t<div class=\"e-con-inner\">\n\t\t<div class=\"elementor-element elementor-element-58ff8474 e-con-full e-flex e-con e-child\" data-id=\"58ff8474\" data-element_type=\"container\" data-e-type=\"container\">\n\t\t\t\t<div class=\"elementor-element elementor-element-2fe30883 elementor-widget elementor-widget-image\" data-id=\"2fe30883\" data-element_type=\"widget\" data-e-type=\"widget\" data-widget_type=\"image.default\">\n\t\t\t\t<div class=\"elementor-widget-container\">\n\t\t\t\t\t\t\t\t\t\t\t\t\t\t\t<img fetchpriority=\"high\" decoding=\"async\" width=\"819\" height=\"1024\" src=\"http:\/\/ecograde.fr\/wp-content\/uploads\/2025\/06\/building-6011756_1280-819x1024.jpg\" class=\"attachment-large size-large wp-image-219\" alt=\"\" srcset=\"http:\/\/ecograde.fr\/wp-content\/uploads\/2025\/06\/building-6011756_1280-819x1024.jpg 819w, http:\/\/ecograde.fr\/wp-content\/uploads\/2025\/06\/building-6011756_1280-240x300.jpg 240w, http:\/\/ecograde.fr\/wp-content\/uploads\/2025\/06\/building-6011756_1280-768x960.jpg 768w, http:\/\/ecograde.fr\/wp-content\/uploads\/2025\/06\/building-6011756_1280.jpg 1024w\" sizes=\"(max-width: 819px) 100vw, 819px\" \/>\t\t\t\t\t\t\t\t\t\t\t\t\t\t\t<\/div>\n\t\t\t\t<\/div>\n\t\t\t\t<\/div>\n\t\t<div class=\"elementor-element elementor-element-51330f12 e-con-full e-flex e-con e-child\" data-id=\"51330f12\" data-element_type=\"container\" data-e-type=\"container\">\n\t\t\t\t<div class=\"elementor-element elementor-element-582198df elementor-widget elementor-widget-text-editor\" data-id=\"582198df\" data-element_type=\"widget\" data-e-type=\"widget\" data-widget_type=\"text-editor.default\">\n\t\t\t\t<div class=\"elementor-widget-container\">\n\t\t\t\t\t\t\t\t\t<h3><strong><span style=\"font-size: 17px;\">DEVIS POUR UN AUDIT ARCHITECTURAL<\/span><\/strong><\/h3><p>Un audit architectural est une analyse technique, r\u00e9glementaire et fonctionnelle d\u2019un appartement, maison ou b\u00e2timent existant, men\u00e9e par un professionnel. Il sert \u00e0 \u00e9valuer l\u2019\u00e9tat, la conformit\u00e9, les potentiels et les contraintes du b\u00e2timent pour un projet de r\u00e9novation, de r\u00e9habilitation ou de transformation.<\/p><p><b>\u00a0<\/b><\/p><p><u>Types de devis :<\/u><\/p><ul><li>devis pour un audit de valorisation de patrimoine<\/li><li>devis pour un audit de faisabilit\u00e9<\/li><li>autres devis\u00a0<\/li><\/ul><p><span style=\"color: #000000;\"><strong>Nous vous proposons un devis sur-mesure en fonction de votre situation, sans engagement.<\/strong><\/span><\/p><p><span style=\"color: #000000;\"><strong>\u00a0<\/strong><\/span><\/p>\t\t\t\t\t\t\t\t<\/div>\n\t\t\t\t<\/div>\n\t\t\t\t<div class=\"elementor-element elementor-element-d255e48 elementor-align-center elementor-widget__width-initial devisauditarchi elementor-invisible elementor-widget elementor-widget-button\" data-id=\"d255e48\" data-element_type=\"widget\" data-e-type=\"widget\" data-settings=\"{&quot;_animation&quot;:&quot;fadeInDown&quot;}\" data-widget_type=\"button.default\">\n\t\t\t\t<div class=\"elementor-widget-container\">\n\t\t\t\t\t\t\t\t\t<div class=\"elementor-button-wrapper\">\n\t\t\t\t\t<a class=\"elementor-button elementor-button-link elementor-size-sm\" href=\"#\">\n\t\t\t\t\t\t<span class=\"elementor-button-content-wrapper\">\n\t\t\t\t\t\t\t\t\t<span class=\"elementor-button-text\">Devis audit architectural<\/span>\n\t\t\t\t\t<\/span>\n\t\t\t\t\t<\/a>\n\t\t\t\t<\/div>\n\t\t\t\t\t\t\t\t<\/div>\n\t\t\t\t<\/div>\n\t\t\t\t<\/div>\n\t\t\t\t\t<\/div>\n\t\t\t\t<\/div>\n\t\t\t\t<\/div>\n\t\t","protected":false},"excerpt":{"rendered":"<p>devis DEVIS POUR UN DIAGNOSTIC IMMOBILIER Si vous souhaitez vendre, louer, faire des travaux vous devez r\u00e9aliser certains diagnostics obligatoires [&hellip;]<\/p>\n","protected":false},"author":1,"featured_media":0,"parent":0,"menu_order":0,"comment_status":"closed","ping_status":"closed","template":"","meta":{"site-sidebar-layout":"no-sidebar","site-content-layout":"","ast-site-content-layout":"full-width-container","site-content-style":"default","site-sidebar-style":"default","ast-global-header-display":"","ast-banner-title-visibility":"","ast-main-header-display":"","ast-hfb-above-header-display":"","ast-hfb-below-header-display":"","ast-hfb-mobile-header-display":"","site-post-title":"disabled","ast-breadcrumbs-content":"","ast-featured-img":"disabled","footer-sml-layout":"","theme-transparent-header-meta":"","adv-header-id-meta":"","stick-header-meta":"","header-above-stick-meta":"","header-main-stick-meta":"","header-below-stick-meta":"","astra-migrate-meta-layouts":"default","ast-page-background-enabled":"default","ast-page-background-meta":{"desktop":{"background-color":"var(--ast-global-color-5)","background-image":"","background-repeat":"repeat","background-position":"center center","background-size":"auto","background-attachment":"scroll","background-type":"","background-media":"","overlay-type":"","overlay-color":"","overlay-opacity":"","overlay-gradient":""},"tablet":{"background-color":"","background-image":"","background-repeat":"repeat","background-position":"center center","background-size":"auto","background-attachment":"scroll","background-type":"","background-media":"","overlay-type":"","overlay-color":"","overlay-opacity":"","overlay-gradient":""},"mobile":{"background-color":"","background-image":"","background-repeat":"repeat","background-position":"center center","background-size":"auto","background-attachment":"scroll","background-type":"","background-media":"","overlay-type":"","overlay-color":"","overlay-opacity":"","overlay-gradient":""}},"ast-content-background-meta":{"desktop":{"background-color":"var(--ast-global-color-4)","background-image":"","background-repeat":"repeat","background-position":"center center","background-size":"auto","background-attachment":"scroll","background-type":"","background-media":"","overlay-type":"","overlay-color":"","overlay-opacity":"","overlay-gradient":""},"tablet":{"background-color":"var(--ast-global-color-4)","background-image":"","background-repeat":"repeat","background-position":"center center","background-size":"auto","background-attachment":"scroll","background-type":"","background-media":"","overlay-type":"","overlay-color":"","overlay-opacity":"","overlay-gradient":""},"mobile":{"background-color":"var(--ast-global-color-4)","background-image":"","background-repeat":"repeat","background-position":"center center","background-size":"auto","background-attachment":"scroll","background-type":"","background-media":"","overlay-type":"","overlay-color":"","overlay-opacity":"","overlay-gradient":""}},"footnotes":""},"class_list":["post-72","page","type-page","status-publish","hentry"],"yoast_head":"<!-- This site is optimized with the Yoast SEO plugin v27.4 - https:\/\/yoast.com\/product\/yoast-seo-wordpress\/ -->\n<title>devis -<\/title>\n<meta name=\"robots\" content=\"index, follow, max-snippet:-1, max-image-preview:large, max-video-preview:-1\" \/>\n<link rel=\"canonical\" href=\"https:\/\/ecograde.fr\/index.php\/devis\/\" \/>\n<meta property=\"og:locale\" content=\"fr_FR\" \/>\n<meta property=\"og:type\" content=\"article\" \/>\n<meta property=\"og:title\" content=\"devis -\" \/>\n<meta property=\"og:description\" content=\"devis DEVIS POUR UN DIAGNOSTIC IMMOBILIER Si vous souhaitez vendre, louer, faire des travaux vous devez r\u00e9aliser certains diagnostics obligatoires [&hellip;]\" \/>\n<meta property=\"og:url\" content=\"https:\/\/ecograde.fr\/index.php\/devis\/\" \/>\n<meta property=\"article:modified_time\" content=\"2025-07-17T16:30:39+00:00\" \/>\n<meta property=\"og:image\" content=\"http:\/\/ecograde.fr\/wp-content\/uploads\/2025\/06\/building-6011756_1280-819x1024.jpg\" \/>\n<meta name=\"twitter:card\" content=\"summary_large_image\" \/>\n<meta name=\"twitter:label1\" content=\"Dur\u00e9e de lecture estim\u00e9e\" \/>\n\t<meta name=\"twitter:data1\" content=\"2 minutes\" \/>\n<script type=\"application\/ld+json\" class=\"yoast-schema-graph\">{\"@context\":\"https:\\\/\\\/schema.org\",\"@graph\":[{\"@type\":\"WebPage\",\"@id\":\"https:\\\/\\\/ecograde.fr\\\/index.php\\\/devis\\\/\",\"url\":\"https:\\\/\\\/ecograde.fr\\\/index.php\\\/devis\\\/\",\"name\":\"devis -\",\"isPartOf\":{\"@id\":\"https:\\\/\\\/ecograde.fr\\\/#website\"},\"primaryImageOfPage\":{\"@id\":\"https:\\\/\\\/ecograde.fr\\\/index.php\\\/devis\\\/#primaryimage\"},\"image\":{\"@id\":\"https:\\\/\\\/ecograde.fr\\\/index.php\\\/devis\\\/#primaryimage\"},\"thumbnailUrl\":\"http:\\\/\\\/ecograde.fr\\\/wp-content\\\/uploads\\\/2025\\\/06\\\/building-6011756_1280-819x1024.jpg\",\"datePublished\":\"2025-06-27T10:46:01+00:00\",\"dateModified\":\"2025-07-17T16:30:39+00:00\",\"breadcrumb\":{\"@id\":\"https:\\\/\\\/ecograde.fr\\\/index.php\\\/devis\\\/#breadcrumb\"},\"inLanguage\":\"fr-FR\",\"potentialAction\":[{\"@type\":\"ReadAction\",\"target\":[\"https:\\\/\\\/ecograde.fr\\\/index.php\\\/devis\\\/\"]}]},{\"@type\":\"ImageObject\",\"inLanguage\":\"fr-FR\",\"@id\":\"https:\\\/\\\/ecograde.fr\\\/index.php\\\/devis\\\/#primaryimage\",\"url\":\"https:\\\/\\\/ecograde.fr\\\/wp-content\\\/uploads\\\/2025\\\/06\\\/building-6011756_1280.jpg\",\"contentUrl\":\"https:\\\/\\\/ecograde.fr\\\/wp-content\\\/uploads\\\/2025\\\/06\\\/building-6011756_1280.jpg\",\"width\":1024,\"height\":1280},{\"@type\":\"BreadcrumbList\",\"@id\":\"https:\\\/\\\/ecograde.fr\\\/index.php\\\/devis\\\/#breadcrumb\",\"itemListElement\":[{\"@type\":\"ListItem\",\"position\":1,\"name\":\"Accueil\",\"item\":\"https:\\\/\\\/ecograde.fr\\\/\"},{\"@type\":\"ListItem\",\"position\":2,\"name\":\"devis\"}]},{\"@type\":\"WebSite\",\"@id\":\"https:\\\/\\\/ecograde.fr\\\/#website\",\"url\":\"https:\\\/\\\/ecograde.fr\\\/\",\"name\":\"ecograde\",\"description\":\"\",\"publisher\":{\"@id\":\"https:\\\/\\\/ecograde.fr\\\/#organization\"},\"potentialAction\":[{\"@type\":\"SearchAction\",\"target\":{\"@type\":\"EntryPoint\",\"urlTemplate\":\"https:\\\/\\\/ecograde.fr\\\/?s={search_term_string}\"},\"query-input\":{\"@type\":\"PropertyValueSpecification\",\"valueRequired\":true,\"valueName\":\"search_term_string\"}}],\"inLanguage\":\"fr-FR\"},{\"@type\":\"Organization\",\"@id\":\"https:\\\/\\\/ecograde.fr\\\/#organization\",\"name\":\"ecograde diagnostics immobiliers et audits \u00e9nerg\u00e9tiques\",\"url\":\"https:\\\/\\\/ecograde.fr\\\/\",\"logo\":{\"@type\":\"ImageObject\",\"inLanguage\":\"fr-FR\",\"@id\":\"https:\\\/\\\/ecograde.fr\\\/#\\\/schema\\\/logo\\\/image\\\/\",\"url\":\"https:\\\/\\\/ecograde.fr\\\/wp-content\\\/uploads\\\/2025\\\/08\\\/cropped-cropped-e-c-o-g-r-a-d-e-_-o-r-1-scaled-1.png\",\"contentUrl\":\"https:\\\/\\\/ecograde.fr\\\/wp-content\\\/uploads\\\/2025\\\/08\\\/cropped-cropped-e-c-o-g-r-a-d-e-_-o-r-1-scaled-1.png\",\"width\":2560,\"height\":363,\"caption\":\"ecograde diagnostics immobiliers et audits \u00e9nerg\u00e9tiques\"},\"image\":{\"@id\":\"https:\\\/\\\/ecograde.fr\\\/#\\\/schema\\\/logo\\\/image\\\/\"}}]}<\/script>\n<!-- \/ Yoast SEO plugin. -->","yoast_head_json":{"title":"devis -","robots":{"index":"index","follow":"follow","max-snippet":"max-snippet:-1","max-image-preview":"max-image-preview:large","max-video-preview":"max-video-preview:-1"},"canonical":"https:\/\/ecograde.fr\/index.php\/devis\/","og_locale":"fr_FR","og_type":"article","og_title":"devis -","og_description":"devis DEVIS POUR UN DIAGNOSTIC IMMOBILIER Si vous souhaitez vendre, louer, faire des travaux vous devez r\u00e9aliser certains diagnostics obligatoires [&hellip;]","og_url":"https:\/\/ecograde.fr\/index.php\/devis\/","article_modified_time":"2025-07-17T16:30:39+00:00","og_image":[{"url":"http:\/\/ecograde.fr\/wp-content\/uploads\/2025\/06\/building-6011756_1280-819x1024.jpg","type":"","width":"","height":""}],"twitter_card":"summary_large_image","twitter_misc":{"Dur\u00e9e de lecture estim\u00e9e":"2 minutes"},"schema":{"@context":"https:\/\/schema.org","@graph":[{"@type":"WebPage","@id":"https:\/\/ecograde.fr\/index.php\/devis\/","url":"https:\/\/ecograde.fr\/index.php\/devis\/","name":"devis -","isPartOf":{"@id":"https:\/\/ecograde.fr\/#website"},"primaryImageOfPage":{"@id":"https:\/\/ecograde.fr\/index.php\/devis\/#primaryimage"},"image":{"@id":"https:\/\/ecograde.fr\/index.php\/devis\/#primaryimage"},"thumbnailUrl":"http:\/\/ecograde.fr\/wp-content\/uploads\/2025\/06\/building-6011756_1280-819x1024.jpg","datePublished":"2025-06-27T10:46:01+00:00","dateModified":"2025-07-17T16:30:39+00:00","breadcrumb":{"@id":"https:\/\/ecograde.fr\/index.php\/devis\/#breadcrumb"},"inLanguage":"fr-FR","potentialAction":[{"@type":"ReadAction","target":["https:\/\/ecograde.fr\/index.php\/devis\/"]}]},{"@type":"ImageObject","inLanguage":"fr-FR","@id":"https:\/\/ecograde.fr\/index.php\/devis\/#primaryimage","url":"https:\/\/ecograde.fr\/wp-content\/uploads\/2025\/06\/building-6011756_1280.jpg","contentUrl":"https:\/\/ecograde.fr\/wp-content\/uploads\/2025\/06\/building-6011756_1280.jpg","width":1024,"height":1280},{"@type":"BreadcrumbList","@id":"https:\/\/ecograde.fr\/index.php\/devis\/#breadcrumb","itemListElement":[{"@type":"ListItem","position":1,"name":"Accueil","item":"https:\/\/ecograde.fr\/"},{"@type":"ListItem","position":2,"name":"devis"}]},{"@type":"WebSite","@id":"https:\/\/ecograde.fr\/#website","url":"https:\/\/ecograde.fr\/","name":"ecograde","description":"","publisher":{"@id":"https:\/\/ecograde.fr\/#organization"},"potentialAction":[{"@type":"SearchAction","target":{"@type":"EntryPoint","urlTemplate":"https:\/\/ecograde.fr\/?s={search_term_string}"},"query-input":{"@type":"PropertyValueSpecification","valueRequired":true,"valueName":"search_term_string"}}],"inLanguage":"fr-FR"},{"@type":"Organization","@id":"https:\/\/ecograde.fr\/#organization","name":"ecograde diagnostics immobiliers et audits \u00e9nerg\u00e9tiques","url":"https:\/\/ecograde.fr\/","logo":{"@type":"ImageObject","inLanguage":"fr-FR","@id":"https:\/\/ecograde.fr\/#\/schema\/logo\/image\/","url":"https:\/\/ecograde.fr\/wp-content\/uploads\/2025\/08\/cropped-cropped-e-c-o-g-r-a-d-e-_-o-r-1-scaled-1.png","contentUrl":"https:\/\/ecograde.fr\/wp-content\/uploads\/2025\/08\/cropped-cropped-e-c-o-g-r-a-d-e-_-o-r-1-scaled-1.png","width":2560,"height":363,"caption":"ecograde diagnostics immobiliers et audits \u00e9nerg\u00e9tiques"},"image":{"@id":"https:\/\/ecograde.fr\/#\/schema\/logo\/image\/"}}]}},"_links":{"self":[{"href":"https:\/\/ecograde.fr\/index.php\/wp-json\/wp\/v2\/pages\/72","targetHints":{"allow":["GET"]}}],"collection":[{"href":"https:\/\/ecograde.fr\/index.php\/wp-json\/wp\/v2\/pages"}],"about":[{"href":"https:\/\/ecograde.fr\/index.php\/wp-json\/wp\/v2\/types\/page"}],"author":[{"embeddable":true,"href":"https:\/\/ecograde.fr\/index.php\/wp-json\/wp\/v2\/users\/1"}],"replies":[{"embeddable":true,"href":"https:\/\/ecograde.fr\/index.php\/wp-json\/wp\/v2\/comments?post=72"}],"version-history":[{"count":19,"href":"https:\/\/ecograde.fr\/index.php\/wp-json\/wp\/v2\/pages\/72\/revisions"}],"predecessor-version":[{"id":770,"href":"https:\/\/ecograde.fr\/index.php\/wp-json\/wp\/v2\/pages\/72\/revisions\/770"}],"wp:attachment":[{"href":"https:\/\/ecograde.fr\/index.php\/wp-json\/wp\/v2\/media?parent=72"}],"curies":[{"name":"wp","href":"https:\/\/api.w.org\/{rel}","templated":true}]}}